{"id":100,"date":"2021-05-11T11:37:27","date_gmt":"2021-05-11T11:37:27","guid":{"rendered":"https:\/\/restaurant-romantica.com\/?page_id=100"},"modified":"2021-05-21T10:48:46","modified_gmt":"2021-05-21T10:48:46","slug":"notre-histoire","status":"publish","type":"page","link":"https:\/\/restaurant-romantica.com\/?page_id=100","title":{"rendered":"notre histoire"},"content":{"rendered":"\t\t<div data-elementor-type=\"wp-page\" data-elementor-id=\"100\" class=\"elementor elementor-100\">\n\t\t\t\t\t\t\t\t\t<section class=\"elementor-section elementor-top-section elementor-element elementor-element-76230d8 elementor-section-full_width elementor-section-height-min-height elementor-section-stretched elementor-section-height-default elementor-section-items-middle\" data-id=\"76230d8\" data-element_type=\"section\" data-settings=\"{&quot;stretch_section&quot;:&quot;section-stretched&quot;,&quot;background_background&quot;:&quot;classic&quot;}\">\n\t\t\t\t\t\t<div class=\"elementor-container elementor-column-gap-default\">\n\t\t\t\t\t<div class=\"elementor-column elementor-col-100 elementor-top-column elementor-element elementor-element-4151e82\" data-id=\"4151e82\" data-element_type=\"column\">\n\t\t\t<div class=\"elementor-widget-wrap elementor-element-populated\">\n\t\t\t\t\t\t\t\t<div class=\"elementor-element elementor-element-9f70516 elementor-widget elementor-widget-image\" data-id=\"9f70516\" data-element_type=\"widget\" data-widget_type=\"image.default\">\n\t\t\t\t<div class=\"elementor-widget-container\">\n\t\t\t\t\t\t\t\t\t\t\t\t\t\t\t<img loading=\"lazy\" decoding=\"async\" width=\"294\" height=\"300\" src=\"https:\/\/restaurant-romantica.com\/wp-content\/uploads\/2021\/05\/logo_la_romantica-294x300.png\" class=\"attachment-medium size-medium wp-image-16\" alt=\"\" srcset=\"https:\/\/restaurant-romantica.com\/wp-content\/uploads\/2021\/05\/logo_la_romantica-294x300.png 294w, https:\/\/restaurant-romantica.com\/wp-content\/uploads\/2021\/05\/logo_la_romantica.png 554w\" sizes=\"auto, (max-width: 294px) 100vw, 294px\" \/>\t\t\t\t\t\t\t\t\t\t\t\t\t\t\t<\/div>\n\t\t\t\t<\/div>\n\t\t\t\t<section class=\"elementor-section elementor-inner-section elementor-element elementor-element-6927837 elementor-section-content-middle elementor-section-boxed elementor-section-height-default elementor-section-height-default\" data-id=\"6927837\" data-element_type=\"section\">\n\t\t\t\t\t\t<div class=\"elementor-container elementor-column-gap-default\">\n\t\t\t\t\t<div class=\"elementor-column elementor-col-50 elementor-inner-column elementor-element elementor-element-89c6f46\" data-id=\"89c6f46\" data-element_type=\"column\">\n\t\t\t<div class=\"elementor-widget-wrap elementor-element-populated\">\n\t\t\t\t\t\t\t\t<div class=\"elementor-element elementor-element-2f33c6f elementor-widget elementor-widget-text-editor\" data-id=\"2f33c6f\" data-element_type=\"widget\" data-widget_type=\"text-editor.default\">\n\t\t\t\t<div class=\"elementor-widget-container\">\n\t\t\t\t\t\t\t<h4 style=\"text-align: center;\">L&rsquo;HISTOIRE DE LA PIZZA<\/h4><p>\u00a0<\/p><p>La pizza est un plat aux couleurs magnifiques, elle fut aussi consid\u00e9r\u00e9e comme une repr\u00e9sentation symbolique de la ville de Naples avec ses bords noir cendre, br\u00fbl\u00e9s par un flot de lave chaude du V\u00e9suve, d\u00e9cor\u00e9e par de lumineux \u00eelots de mozzarella, les quartiers allong\u00e9s sur une couche de tomates rouges, elle symbolise en m\u00eame temps la vie et la passion de ses habitants.<\/p><p>\u00c0 Naples, des histoires non v\u00e9rifi\u00e9es circulent sur l\u2019invention de la pizza.<\/p><p>En g\u00e9n\u00e9ral, il est agr\u00e9able de les entendre, mais elles proviennent g\u00e9n\u00e9ralement de l\u2019imagination des raconteurs et sont donc peu cr\u00e9dibles.<\/p><p>Si on veut apprendre quelque chose sur les v\u00e9ritables origines de la pizza, il est n\u00e9cessaire de remonter tr\u00e8s loin dans l\u2019histoire.<\/p><p>Ce plat complet et si actuel a plus de 400 ans.<\/p><p>\u00c0 sa naissance, la pizza \u00e9tait un morceau de p\u00e2te \u00e9cras\u00e9e garnie de saindoux, et pour les plus fortun\u00e9s, venait s\u2019ajouter un peu de Caciocavallo (fromage) et basilic. Avec la tomate import\u00e9e du P\u00e9rou par les Espagnols, les Napolitains ont compris qu\u2019en ajoutant un peu d\u2019huile d\u2019olive, du sel et du poivre, ce serait un mariage parfait.<\/p><p>Vers la moiti\u00e9 de 1800, on commence \u00e0 parler de la Mozzarella sur la pizza.<\/p><p>L\u2019histoire nous d\u00e9montre que Raffaele Esposito, le plus c\u00e9l\u00e8bre pizza\u00efolo de l\u2019\u00e9poque, cr\u00e9a la pizza Margherita en l\u2019honneur de la visite de la reine Margherita \u00e0 Naples en 1889.<\/p><p>\u00c0 la deuxi\u00e8me guerre mondiale, la pizza s\u2019est \u00e9tendue dans toute l\u2019Italie, et dans les ann\u00e9es 60, dans le monde entier.<\/p><p>Aujourd\u2019hui, il existe toutes sortes de pizzas, nous vous conseillons de la faire \u00e0 votre go\u00fbt mais en restant dans la tradition et la simplicit\u00e9.<\/p>\t\t\t\t\t\t<\/div>\n\t\t\t\t<\/div>\n\t\t\t\t\t<\/div>\n\t\t<\/div>\n\t\t\t\t<div class=\"elementor-column elementor-col-50 elementor-inner-column elementor-element elementor-element-efc6361\" data-id=\"efc6361\" data-element_type=\"column\">\n\t\t\t<div class=\"elementor-widget-wrap elementor-element-populated\">\n\t\t\t\t\t\t\t\t<div class=\"elementor-element elementor-element-2ef46a5 elementor-widget elementor-widget-image\" data-id=\"2ef46a5\" data-element_type=\"widget\" data-widget_type=\"image.default\">\n\t\t\t\t<div class=\"elementor-widget-container\">\n\t\t\t\t\t\t\t\t\t\t\t\t\t\t\t<img loading=\"lazy\" decoding=\"async\" width=\"1024\" height=\"692\" src=\"https:\/\/restaurant-romantica.com\/wp-content\/uploads\/2021\/05\/pizza-1442946_1920-1024x692.jpg\" class=\"attachment-large size-large wp-image-106\" alt=\"\" srcset=\"https:\/\/restaurant-romantica.com\/wp-content\/uploads\/2021\/05\/pizza-1442946_1920-1024x692.jpg 1024w, https:\/\/restaurant-romantica.com\/wp-content\/uploads\/2021\/05\/pizza-1442946_1920-300x203.jpg 300w, https:\/\/restaurant-romantica.com\/wp-content\/uploads\/2021\/05\/pizza-1442946_1920-768x519.jpg 768w, https:\/\/restaurant-romantica.com\/wp-content\/uploads\/2021\/05\/pizza-1442946_1920-1536x1038.jpg 1536w, https:\/\/restaurant-romantica.com\/wp-content\/uploads\/2021\/05\/pizza-1442946_1920.jpg 1920w\" sizes=\"auto, (max-width: 1024px) 100vw, 1024px\" \/>\t\t\t\t\t\t\t\t\t\t\t\t\t\t\t<\/div>\n\t\t\t\t<\/div>\n\t\t\t\t\t<\/div>\n\t\t<\/div>\n\t\t\t\t\t\t\t<\/div>\n\t\t<\/section>\n\t\t\t\t<section class=\"elementor-section elementor-inner-section elementor-element elementor-element-48a95d4 elementor-section-boxed elementor-section-height-default elementor-section-height-default\" data-id=\"48a95d4\" data-element_type=\"section\">\n\t\t\t\t\t\t<div class=\"elementor-container elementor-column-gap-default\">\n\t\t\t\t\t<div class=\"elementor-column elementor-col-100 elementor-inner-column elementor-element elementor-element-ba626fb\" data-id=\"ba626fb\" data-element_type=\"column\">\n\t\t\t<div class=\"elementor-widget-wrap elementor-element-populated\">\n\t\t\t\t\t\t\t\t<div class=\"elementor-element elementor-element-4dedcb0 elementor-widget-divider--view-line elementor-widget elementor-widget-divider\" data-id=\"4dedcb0\" data-element_type=\"widget\" data-widget_type=\"divider.default\">\n\t\t\t\t<div class=\"elementor-widget-container\">\n\t\t\t\t\t<div class=\"elementor-divider\">\n\t\t\t<span class=\"elementor-divider-separator\">\n\t\t\t\t\t\t<\/span>\n\t\t<\/div>\n\t\t\t\t<\/div>\n\t\t\t\t<\/div>\n\t\t\t\t<div class=\"elementor-element elementor-element-113d686 elementor-widget elementor-widget-text-editor\" data-id=\"113d686\" data-element_type=\"widget\" data-widget_type=\"text-editor.default\">\n\t\t\t\t<div class=\"elementor-widget-container\">\n\t\t\t\t\t\t\t<h4 style=\"text-align: center;\">L&rsquo;HISTOIRE DE LA ROMANTICA<\/h4><p>\u00a0<\/p><p>En 1989, en Normandie, dans la contr\u00e9e de Saint-Lubin-des-Joncherets, naissait une petite pizzeria d\u00e9nomm\u00e9e \u00ab\u00a0La Romantica\u00a0\u00bb. Un petit bout d\u2019Italie en Normandie.<\/p><p>Les ann\u00e9es pass\u00e8rent, les propri\u00e9taires se succ\u00e9d\u00e8rent, jusqu\u2019au jour o\u00f9 le destin de \u00ab\u00a0La Romantica\u00a0\u00bb croisa celui de Fred.<\/p><p>Fred \u00e9tait un ouvrier qui travaillait \u00e0 l\u2019usine et qui r\u00eavait de libert\u00e9 et surtout d\u2019ind\u00e9pendance.<\/p><p>Un jour, lors d\u2019un repas entre amis, il apprit qu\u2019une pizzeria \u00e9tait \u00e0 vendre non loin de chez lui. Il se mit \u00e0 r\u00eaver pendant des jours de cette pizzeria et d\u00e9cida d\u2019aller voir. Ce fut un coup de foudre : remarquez, avec un nom pareil, cela ne pouvait pas \u00eatre autrement. Il mit toutes ses \u00e9conomies dans ce restaurant, quitta son usine et c\u2019est alors que commen\u00e7a une magnifique histoire dans ce lieu magique o\u00f9 vous pouvez le retrouver.<\/p><p>La t\u00e2che ne f\u00fbt pas simple. Mais dans cette aventure, il eut la chance d\u2019avoir un soutien important en la personne de Karine et de sa petite famille. Gr\u00e2ce \u00e0 son entourage et \u00e0 son \u00e9tat d\u2019esprit, Fred transforma \u00ab\u00a0La Romantica\u00a0\u00bb en une entreprise familiale et conviviale.<\/p><p>Vous avez peut-\u00eatre d\u00e9j\u00e0 vu ses enfants prendre votre commande ou apporter vos plats: pour eux, ce n\u2019est pas qu\u2019une simple pizzeria, c\u2019est aussi l\u2019\u00e9cole de la vie, leur premier travail et une grande fiert\u00e9.<\/p><p>En ce qui concerne Karine, elle a d\u00fb vous accueillir ou prendre votre commande : elle conna\u00eet \u00ab\u00a0La Romantica\u00a0\u00bb depuis sa cr\u00e9ation et est toujours \u00e0 son poste. Le \u00ab\u00a0cuistot\u00a0\u00bb derri\u00e8re ses fourneaux, s\u2019occupe des plats traditionnels pendant que le patron s\u2019occupe lui-m\u00eame des pizzas.<\/p><p>C\u2019est cette \u00e9quipe qui, chaque jour, travaille dans la bonne humeur pour votre plaisir.<\/p><p>\u00ab\u00a0La Romantica\u00a0\u00bb est port\u00e9e sur la cuisine italienne avec des sp\u00e9cialit\u00e9s telles que le \u00ab\u00a0Boccocini\u00a0\u00bb et bien s\u00fbr la vraie pizza. Venir manger en ce lieu, c\u2019est partir au pays du Vespa sous le soleil, au bord de la M\u00e9diterran\u00e9e, de Venise \u00e0 Milan en passant par Florence. \u00ab\u00a0La Romantica\u00a0\u00bb vous fera voyager \u00e0 travers sa cuisine.<\/p><p>\u00ab\u00a0La Romantica\u00a0\u00bb vous propose aussi de la cuisine traditionnelle, comme son excellente escalope normande.<\/p><p>Une des signatures de \u00ab\u00a0La Romantica\u00a0\u00bb est sa cuisson au feu de bois qui donne un go\u00fbt unique \u00e0 ses plats, un feu aliment\u00e9 par le chef qui va lui-m\u00eame couper son bois au fin fond de la for\u00eat, une fois le service termin\u00e9.<\/p><p>\u00ab\u00a0La Romantica\u00a0\u00bb \u00e9volue en permanence gr\u00e2ce \u00e0 la volont\u00e9 du patron de faire toujours mieux, mais c\u2019est surtout et aussi gr\u00e2ce \u00e0 vous, si \u00ab\u00a0La Romantica\u00a0\u00bb est ce qu\u2019elle est aujourd\u2019hui.<\/p><p>La restauration n\u2019est pas un travail facile : la famille et la sympathie des clients rendent ce m\u00e9tier passionnant et donnent le courage d\u2019innover chaque jour.<\/p><p>C\u2019est pour tout cela que l\u2019\u00e9quipe de \u00ab\u00a0LA ROMANTICA\u00a0\u00bb se joint au patron pour vous remercier de votre pr\u00e9sence.<\/p>\t\t\t\t\t\t<\/div>\n\t\t\t\t<\/div>\n\t\t\t\t\t<\/div>\n\t\t<\/div>\n\t\t\t\t\t\t\t<\/div>\n\t\t<\/section>\n\t\t\t\t<div class=\"elementor-element elementor-element-e4b8a88 elementor-widget-divider--view-line elementor-widget elementor-widget-divider\" data-id=\"e4b8a88\" data-element_type=\"widget\" data-widget_type=\"divider.default\">\n\t\t\t\t<div class=\"elementor-widget-container\">\n\t\t\t\t\t<div class=\"elementor-divider\">\n\t\t\t<span class=\"elementor-divider-separator\">\n\t\t\t\t\t\t<\/span>\n\t\t<\/div>\n\t\t\t\t<\/div>\n\t\t\t\t<\/div>\n\t\t\t\t<section class=\"elementor-section elementor-inner-section elementor-element elementor-element-b29c9f1 elementor-section-content-middle elementor-section-boxed elementor-section-height-default elementor-section-height-default\" data-id=\"b29c9f1\" data-element_type=\"section\">\n\t\t\t\t\t\t<div class=\"elementor-container elementor-column-gap-default\">\n\t\t\t\t\t<div class=\"elementor-column elementor-col-50 elementor-inner-column elementor-element elementor-element-b3afa6d\" data-id=\"b3afa6d\" data-element_type=\"column\">\n\t\t\t<div class=\"elementor-widget-wrap elementor-element-populated\">\n\t\t\t\t\t\t\t\t<div class=\"elementor-element elementor-element-4642348 elementor-widget elementor-widget-image\" data-id=\"4642348\" data-element_type=\"widget\" data-widget_type=\"image.default\">\n\t\t\t\t<div class=\"elementor-widget-container\">\n\t\t\t\t\t\t\t\t\t\t\t\t\t\t\t<img loading=\"lazy\" decoding=\"async\" width=\"1024\" height=\"683\" src=\"https:\/\/restaurant-romantica.com\/wp-content\/uploads\/2021\/05\/pizza-744405_1920-1024x683.jpg\" class=\"attachment-large size-large wp-image-107\" alt=\"\" srcset=\"https:\/\/restaurant-romantica.com\/wp-content\/uploads\/2021\/05\/pizza-744405_1920-1024x683.jpg 1024w, https:\/\/restaurant-romantica.com\/wp-content\/uploads\/2021\/05\/pizza-744405_1920-300x200.jpg 300w, https:\/\/restaurant-romantica.com\/wp-content\/uploads\/2021\/05\/pizza-744405_1920-768x512.jpg 768w, https:\/\/restaurant-romantica.com\/wp-content\/uploads\/2021\/05\/pizza-744405_1920-1536x1024.jpg 1536w, https:\/\/restaurant-romantica.com\/wp-content\/uploads\/2021\/05\/pizza-744405_1920.jpg 1920w\" sizes=\"auto, (max-width: 1024px) 100vw, 1024px\" \/>\t\t\t\t\t\t\t\t\t\t\t\t\t\t\t<\/div>\n\t\t\t\t<\/div>\n\t\t\t\t\t<\/div>\n\t\t<\/div>\n\t\t\t\t<div class=\"elementor-column elementor-col-50 elementor-inner-column elementor-element elementor-element-134f1c0\" data-id=\"134f1c0\" data-element_type=\"column\">\n\t\t\t<div class=\"elementor-widget-wrap elementor-element-populated\">\n\t\t\t\t\t\t\t\t<div class=\"elementor-element elementor-element-08df74e elementor-widget elementor-widget-text-editor\" data-id=\"08df74e\" data-element_type=\"widget\" data-widget_type=\"text-editor.default\">\n\t\t\t\t<div class=\"elementor-widget-container\">\n\t\t\t\t\t\t\t<h4 style=\"text-align: center;\">NOTRE CUISSON AU FEU DE BOIS<\/h4><p>\u00a0<\/p><p>Notre conception de la pizza au feu de bois repose sur l\u2019utilisation de mati\u00e8res premi\u00e8res nobles, sur la fabrication artisanale dans le respect de la tradition.\u00a0Pour vous offrir naturellement, un maximum de plaisir \u00e0 la d\u00e9gustation.<\/p><p><span style=\"text-decoration: underline;\"><strong>LA P\u00c2TE<\/strong><\/span><\/p><p>Nous pr\u00e9parons notre p\u00e2te \u00e0 pizza nous m\u00eame au levain, \u00e0 l\u2019huile d\u2019olive et respectons le temps de pousse.<\/p><p><span style=\"text-decoration: underline;\"><strong>LES INGR\u00c9DIENTS<\/strong><\/span><\/p><p>Nous s\u00e9lectionnons avec soin nos ingr\u00e9dients pour leurs qualit\u00e9s gustatives et leur \u00e9laboration artisanale.<\/p><p><span style=\"text-decoration: underline;\"><strong>LE FEU DE BOIS<\/strong><\/span><\/p><p>On sait que le bois contribue \u00e0 la subtilit\u00e9 du go\u00fbt des produits alimentaires. La cuisson au bois est tr\u00e8s diff\u00e9rente de la cuisson au gaz ou \u00e0 l\u2019\u00e9lectricit\u00e9. La combustion du bois est capricieuse suivant son \u00e2ge, sa duret\u00e9, s\u2019il est sec ou humide. C\u2019est pourquoi Fred, votre pizza\u00efolo, utilise en permanence un m\u00e9lange de plusieurs essences de bois : les uns ayant tendance \u00e0 donner plus de braise, et les autres \u00e0 donner plus de flamme.<\/p><p><span style=\"text-decoration: underline;\"><strong>LA CUISSON<\/strong><\/span><\/p><p>Nos pizzas sont enfourn\u00e9es \u00e0 la pelle, puis d\u00e9pos\u00e9es sur la sole du four en pierre de lave. Elles cuisent \u00e0 proximit\u00e9 de la braise. Il faut faire tourner la pizza pour qu\u2019elle soit cuite r\u00e9guli\u00e8rement. La cuisson se fait entre 600\u00b0 et 800\u00b0, la pizza est cuite entre 35 et 55 secondes, ce qui exalte les go\u00fbts et les saveurs des ingr\u00e9dients \u00e0 la mani\u00e8re d\u2019un barbecue.<\/p>\t\t\t\t\t\t<\/div>\n\t\t\t\t<\/div>\n\t\t\t\t\t<\/div>\n\t\t<\/div>\n\t\t\t\t\t\t\t<\/div>\n\t\t<\/section>\n\t\t\t\t<div class=\"elementor-element elementor-element-ee82df1 elementor-widget elementor-widget-heading\" data-id=\"ee82df1\" data-element_type=\"widget\" data-widget_type=\"heading.default\">\n\t\t\t\t<div class=\"elementor-widget-container\">\n\t\t\t<h2 class=\"elementor-heading-title elementor-size-xl\">BON APP\u00c9TIT !!!<\/h2>\t\t<\/div>\n\t\t\t\t<\/div>\n\t\t\t\t\t<\/div>\n\t\t<\/div>\n\t\t\t\t\t\t\t<\/div>\n\t\t<\/section>\n\t\t\t\t\t\t\t<\/div>\n\t\t","protected":false},"excerpt":{"rendered":"<p>L&rsquo;HISTOIRE DE LA PIZZA \u00a0 La pizza est un plat aux couleurs magnifiques, elle fut aussi consid\u00e9r\u00e9e comme une repr\u00e9sentation symbolique de la ville de Naples avec ses bords noir cendre, br\u00fbl\u00e9s par un flot de lave chaude du V\u00e9suve, d\u00e9cor\u00e9e par de lumineux \u00eelots de mozzarella, les quartiers allong\u00e9s sur une couche de tomates [&hellip;]<\/p>\n","protected":false},"author":2,"featured_media":0,"parent":0,"menu_order":0,"comment_status":"closed","ping_status":"closed","template":"","meta":{"footnotes":""},"class_list":["post-100","page","type-page","status-publish","hentry"],"_links":{"self":[{"href":"https:\/\/restaurant-romantica.com\/index.php?rest_route=\/wp\/v2\/pages\/100","targetHints":{"allow":["GET"]}}],"collection":[{"href":"https:\/\/restaurant-romantica.com\/index.php?rest_route=\/wp\/v2\/pages"}],"about":[{"href":"https:\/\/restaurant-romantica.com\/index.php?rest_route=\/wp\/v2\/types\/page"}],"author":[{"embeddable":true,"href":"https:\/\/restaurant-romantica.com\/index.php?rest_route=\/wp\/v2\/users\/2"}],"replies":[{"embeddable":true,"href":"https:\/\/restaurant-romantica.com\/index.php?rest_route=%2Fwp%2Fv2%2Fcomments&post=100"}],"version-history":[{"count":5,"href":"https:\/\/restaurant-romantica.com\/index.php?rest_route=\/wp\/v2\/pages\/100\/revisions"}],"predecessor-version":[{"id":145,"href":"https:\/\/restaurant-romantica.com\/index.php?rest_route=\/wp\/v2\/pages\/100\/revisions\/145"}],"wp:attachment":[{"href":"https:\/\/restaurant-romantica.com\/index.php?rest_route=%2Fwp%2Fv2%2Fmedia&parent=100"}],"curies":[{"name":"wp","href":"https:\/\/api.w.org\/{rel}","templated":true}]}}