{"id":2,"date":"2021-05-03T07:37:36","date_gmt":"2021-05-03T07:37:36","guid":{"rendered":"https:\/\/restaurant-romantica.com\/?page_id=2"},"modified":"2023-11-20T23:40:22","modified_gmt":"2023-11-20T23:40:22","slug":"sample-page","status":"publish","type":"page","link":"https:\/\/restaurant-romantica.com\/","title":{"rendered":"Accueil"},"content":{"rendered":"\t\t<div data-elementor-type=\"wp-page\" data-elementor-id=\"2\" class=\"elementor elementor-2\">\n\t\t\t\t\t\t\t\t\t<section class=\"elementor-section elementor-top-section elementor-element elementor-element-6eea082f elementor-section-full_width elementor-section-height-full elementor-section-stretched elementor-section-items-top elementor-section-content-top elementor-section-height-default\" data-id=\"6eea082f\" data-element_type=\"section\" data-settings=\"{&quot;stretch_section&quot;:&quot;section-stretched&quot;,&quot;background_background&quot;:&quot;classic&quot;}\">\n\t\t\t\t\t\t<div class=\"elementor-container elementor-column-gap-default\">\n\t\t\t\t\t<div class=\"elementor-column elementor-col-100 elementor-top-column elementor-element elementor-element-7011ccb\" data-id=\"7011ccb\" data-element_type=\"column\">\n\t\t\t<div class=\"elementor-widget-wrap elementor-element-populated\">\n\t\t\t\t\t\t\t\t<div class=\"elementor-element elementor-element-dd65bdc first-container-header elementor-invisible elementor-widget elementor-widget-image\" data-id=\"dd65bdc\" data-element_type=\"widget\" data-settings=\"{&quot;_animation&quot;:&quot;zoomIn&quot;}\" data-widget_type=\"image.default\">\n\t\t\t\t<div class=\"elementor-widget-container\">\n\t\t\t\t\t\t\t\t\t\t\t\t\t\t\t<img loading=\"lazy\" decoding=\"async\" width=\"294\" height=\"300\" src=\"https:\/\/restaurant-romantica.com\/wp-content\/uploads\/2021\/05\/logo_la_romantica-294x300.png\" class=\"attachment-medium size-medium wp-image-16\" alt=\"\" srcset=\"https:\/\/restaurant-romantica.com\/wp-content\/uploads\/2021\/05\/logo_la_romantica-294x300.png 294w, https:\/\/restaurant-romantica.com\/wp-content\/uploads\/2021\/05\/logo_la_romantica.png 554w\" sizes=\"auto, (max-width: 294px) 100vw, 294px\" \/>\t\t\t\t\t\t\t\t\t\t\t\t\t\t\t<\/div>\n\t\t\t\t<\/div>\n\t\t\t\t<section class=\"elementor-section elementor-inner-section elementor-element elementor-element-ce37d1c elementor-section-full_width elementor-section-content-bottom romantica-second-menu elementor-section-height-default elementor-section-height-default\" data-id=\"ce37d1c\" data-element_type=\"section\" data-settings=\"{&quot;background_background&quot;:&quot;classic&quot;}\">\n\t\t\t\t\t\t<div class=\"elementor-container elementor-column-gap-default\">\n\t\t\t\t\t<div class=\"elementor-column elementor-col-33 elementor-inner-column elementor-element elementor-element-e3abe84 elementor-invisible\" data-id=\"e3abe84\" data-element_type=\"column\" id=\"emporter\" data-settings=\"{&quot;animation&quot;:&quot;fadeInLeft&quot;,&quot;animation_delay&quot;:3}\">\n\t\t\t<div class=\"elementor-widget-wrap elementor-element-populated\">\n\t\t\t\t\t\t\t\t<div class=\"elementor-element elementor-element-88bbb86 elementor-widget elementor-widget-image\" data-id=\"88bbb86\" data-element_type=\"widget\" data-widget_type=\"image.default\">\n\t\t\t\t<div class=\"elementor-widget-container\">\n\t\t\t\t\t\t\t\t\t\t\t\t\t\t\t\t<a href=\"#container_menu_laromantica\">\n\t\t\t\t\t\t\t<img loading=\"lazy\" decoding=\"async\" width=\"100\" height=\"92\" src=\"https:\/\/restaurant-romantica.com\/wp-content\/uploads\/2021\/05\/pizza-2.png\" class=\"attachment-large size-large wp-image-24\" alt=\"\" \/>\t\t\t\t\t\t\t\t<\/a>\n\t\t\t\t\t\t\t\t\t\t\t\t\t\t\t<\/div>\n\t\t\t\t<\/div>\n\t\t\t\t<div class=\"elementor-element elementor-element-f4f6117 elementor-widget elementor-widget-heading\" data-id=\"f4f6117\" data-element_type=\"widget\" id=\"emporter\" data-widget_type=\"heading.default\">\n\t\t\t\t<div class=\"elementor-widget-container\">\n\t\t\t<h2 class=\"elementor-heading-title elementor-size-large\"><a href=\"#container_menu_laromantica\">VENTE \u00c0 EMPORTER<\/a><\/h2>\t\t<\/div>\n\t\t\t\t<\/div>\n\t\t\t\t\t<\/div>\n\t\t<\/div>\n\t\t\t\t<div class=\"elementor-column elementor-col-33 elementor-inner-column elementor-element elementor-element-ae145ce elementor-invisible\" data-id=\"ae145ce\" data-element_type=\"column\" data-settings=\"{&quot;animation&quot;:&quot;fadeInUp&quot;,&quot;animation_delay&quot;:7}\">\n\t\t\t<div class=\"elementor-widget-wrap elementor-element-populated\">\n\t\t\t\t\t\t\t\t<div class=\"elementor-element elementor-element-81f5c3e elementor-widget elementor-widget-image\" data-id=\"81f5c3e\" data-element_type=\"widget\" data-widget_type=\"image.default\">\n\t\t\t\t<div class=\"elementor-widget-container\">\n\t\t\t\t\t\t\t\t\t\t\t\t\t\t\t<img loading=\"lazy\" decoding=\"async\" width=\"102\" height=\"102\" src=\"https:\/\/restaurant-romantica.com\/wp-content\/uploads\/2021\/05\/restaurant-cutlery-circular-symbol-of-a-spoon-and-a-fork-in-a-circle.png\" class=\"attachment-large size-large wp-image-23\" alt=\"\" \/>\t\t\t\t\t\t\t\t\t\t\t\t\t\t\t<\/div>\n\t\t\t\t<\/div>\n\t\t\t\t<div class=\"elementor-element elementor-element-cae0fb1 elementor-widget elementor-widget-heading\" data-id=\"cae0fb1\" data-element_type=\"widget\" data-widget_type=\"heading.default\">\n\t\t\t\t<div class=\"elementor-widget-container\">\n\t\t\t<h2 class=\"elementor-heading-title elementor-size-large\">SALLE DE RESTAURATION<\/h2>\t\t<\/div>\n\t\t\t\t<\/div>\n\t\t\t\t\t<\/div>\n\t\t<\/div>\n\t\t\t\t<div class=\"elementor-column elementor-col-33 elementor-inner-column elementor-element elementor-element-f76dc48 elementor-invisible\" data-id=\"f76dc48\" data-element_type=\"column\" id=\"surPlace\" data-settings=\"{&quot;animation&quot;:&quot;fadeInRight&quot;,&quot;animation_delay&quot;:5}\">\n\t\t\t<div class=\"elementor-widget-wrap elementor-element-populated\">\n\t\t\t\t\t\t\t\t<div class=\"elementor-element elementor-element-e79ca89 elementor-widget elementor-widget-image\" data-id=\"e79ca89\" data-element_type=\"widget\" data-widget_type=\"image.default\">\n\t\t\t\t<div class=\"elementor-widget-container\">\n\t\t\t\t\t\t\t\t\t\t\t\t\t\t\t\t<a href=\"#container_menu_laromantica\">\n\t\t\t\t\t\t\t<img loading=\"lazy\" decoding=\"async\" width=\"68\" height=\"102\" src=\"https:\/\/restaurant-romantica.com\/wp-content\/uploads\/2021\/05\/menu.png\" class=\"attachment-large size-large wp-image-22\" alt=\"\" \/>\t\t\t\t\t\t\t\t<\/a>\n\t\t\t\t\t\t\t\t\t\t\t\t\t\t\t<\/div>\n\t\t\t\t<\/div>\n\t\t\t\t<div class=\"elementor-element elementor-element-dde11e9 elementor-widget elementor-widget-heading\" data-id=\"dde11e9\" data-element_type=\"widget\" id=\"surPlace\" data-widget_type=\"heading.default\">\n\t\t\t\t<div class=\"elementor-widget-container\">\n\t\t\t<h2 class=\"elementor-heading-title elementor-size-large\"><a href=\"#container_menu_laromantica\">VOIR NOTRE CARTE<\/a><\/h2>\t\t<\/div>\n\t\t\t\t<\/div>\n\t\t\t\t\t<\/div>\n\t\t<\/div>\n\t\t\t\t\t\t\t<\/div>\n\t\t<\/section>\n\t\t\t\t\t<\/div>\n\t\t<\/div>\n\t\t\t\t\t\t\t<\/div>\n\t\t<\/section>\n\t\t\t\t<section class=\"elementor-section elementor-top-section elementor-element elementor-element-92f2514 elementor-section-full_width elementor-section-stretched elementor-section-height-default elementor-section-height-default\" data-id=\"92f2514\" data-element_type=\"section\" data-settings=\"{&quot;stretch_section&quot;:&quot;section-stretched&quot;}\">\n\t\t\t\t\t\t<div class=\"elementor-container elementor-column-gap-default\">\n\t\t\t\t\t<div class=\"elementor-column elementor-col-100 elementor-top-column elementor-element elementor-element-f6e2475\" data-id=\"f6e2475\" data-element_type=\"column\">\n\t\t\t<div class=\"elementor-widget-wrap elementor-element-populated\">\n\t\t\t\t\t\t\t\t<div class=\"elementor-element elementor-element-9e111d7 elementor-widget elementor-widget-html\" data-id=\"9e111d7\" data-element_type=\"widget\" data-widget_type=\"html.default\">\n\t\t\t\t<div class=\"elementor-widget-container\">\n\t\t\t<div class=\"container-imagequisommesnous\">\n    <img decoding=\"async\" src=\"https:\/\/restaurant-romantica.com\/wp-content\/uploads\/2023\/07\/IMG_20230629_110532-scaled.jpg\">\n    <div class=\"container-color-image\">\n        \n    <\/div>\n<\/div><div class=\"container-quisommesnous\">\n    <div class=\"title-quisommesnous\">QUI SOMMES-NOUS ?<\/div>\n    <div>\n        Cr\u00e9\u00e9e en 1989, <span style=\"font-weight:bold;\">La Romantica<\/span>, situ\u00e9e \u00e0 Saint-Lubin-des-Joncherets, est <span style=\"font-weight:bold;\">un restaurant italien par excellence<\/span> avec des sp\u00e9cialit\u00e9s telles que <span style=\"font-weight:bold;color:#009246; border-bottom: 1px solid #009246;\">le Bocconcini<\/span> et bien-s\u00fbr <span style=\"font-weight:bold;\">la v\u00e9ritable pizza cuite au feu de bois<\/span>.\nVenir manger \u00e0 La Romantica, c\u2019est voyager en plein coeur de l\u2019Italie, de Venise \u00e0 Milan en passant par Florence pour finir sur les bords de la M\u00e9diterran\u00e9e.\n<br\/><br\/>\nLes plus gourmands retrouveront <span style=\"font-weight:bold;\">des saveurs d\u2019Italie<\/span> qui ne manqueront pas de satisfaire leurs papilles.\nD\u00e9paysement garanti ! <a href=\"https:\/\/restaurant-romantica.com\/?page_id=100\">En savoir plus<\/a>\n    <\/div>\n<\/div>\t\t<\/div>\n\t\t\t\t<\/div>\n\t\t\t\t<section class=\"elementor-section elementor-inner-section elementor-element elementor-element-1fd8e8e elementor-section-boxed elementor-section-height-default elementor-section-height-default\" data-id=\"1fd8e8e\" data-element_type=\"section\" data-settings=\"{&quot;background_background&quot;:&quot;classic&quot;}\">\n\t\t\t\t\t\t<div class=\"elementor-container elementor-column-gap-default\">\n\t\t\t\t\t<div class=\"elementor-column elementor-col-33 elementor-inner-column elementor-element elementor-element-17f8176\" data-id=\"17f8176\" data-element_type=\"column\">\n\t\t\t<div class=\"elementor-widget-wrap elementor-element-populated\">\n\t\t\t\t\t\t\t\t<div class=\"elementor-element elementor-element-927079d elementor-widget elementor-widget-image\" data-id=\"927079d\" data-element_type=\"widget\" data-widget_type=\"image.default\">\n\t\t\t\t<div class=\"elementor-widget-container\">\n\t\t\t\t\t\t\t\t\t\t\t\t\t\t\t<img loading=\"lazy\" decoding=\"async\" width=\"1024\" height=\"683\" src=\"https:\/\/restaurant-romantica.com\/wp-content\/uploads\/2021\/12\/AdobeStock_336274638-1024x683.jpeg\" class=\"attachment-large size-large wp-image-227\" alt=\"assiette de charcuterie\" srcset=\"https:\/\/restaurant-romantica.com\/wp-content\/uploads\/2021\/12\/AdobeStock_336274638-1024x683.jpeg 1024w, https:\/\/restaurant-romantica.com\/wp-content\/uploads\/2021\/12\/AdobeStock_336274638-300x200.jpeg 300w, https:\/\/restaurant-romantica.com\/wp-content\/uploads\/2021\/12\/AdobeStock_336274638-768x512.jpeg 768w, https:\/\/restaurant-romantica.com\/wp-content\/uploads\/2021\/12\/AdobeStock_336274638-1536x1024.jpeg 1536w, https:\/\/restaurant-romantica.com\/wp-content\/uploads\/2021\/12\/AdobeStock_336274638-2048x1365.jpeg 2048w\" sizes=\"auto, (max-width: 1024px) 100vw, 1024px\" \/>\t\t\t\t\t\t\t\t\t\t\t\t\t\t\t<\/div>\n\t\t\t\t<\/div>\n\t\t\t\t\t<\/div>\n\t\t<\/div>\n\t\t\t\t<div class=\"elementor-column elementor-col-66 elementor-inner-column elementor-element elementor-element-a981410\" data-id=\"a981410\" data-element_type=\"column\">\n\t\t\t<div class=\"elementor-widget-wrap elementor-element-populated\">\n\t\t\t\t\t\t\t\t<div class=\"elementor-element elementor-element-e84672f elementor-widget elementor-widget-heading\" data-id=\"e84672f\" data-element_type=\"widget\" data-widget_type=\"heading.default\">\n\t\t\t\t<div class=\"elementor-widget-container\">\n\t\t\t<h3 class=\"elementor-heading-title elementor-size-default\">NOUVEAUT\u00c9 :<\/h3>\t\t<\/div>\n\t\t\t\t<\/div>\n\t\t\t\t<div class=\"elementor-element elementor-element-9f1800a elementor-widget-divider--view-line elementor-widget elementor-widget-divider\" data-id=\"9f1800a\" data-element_type=\"widget\" data-widget_type=\"divider.default\">\n\t\t\t\t<div class=\"elementor-widget-container\">\n\t\t\t\t\t<div class=\"elementor-divider\">\n\t\t\t<span class=\"elementor-divider-separator\">\n\t\t\t\t\t\t<\/span>\n\t\t<\/div>\n\t\t\t\t<\/div>\n\t\t\t\t<\/div>\n\t\t\t\t<div class=\"elementor-element elementor-element-607967c elementor-widget elementor-widget-text-editor\" data-id=\"607967c\" data-element_type=\"widget\" data-widget_type=\"text-editor.default\">\n\t\t\t\t<div class=\"elementor-widget-container\">\n\t\t\t\t\t\t\t<p>Pendant votre ap\u00e9ritif, n&rsquo;h\u00e9sitez pas \u00e0 nous demander votre assiette de charcuterie \u00e0 partager pour 2 personnes !<\/p>\n<p>12,00\u20ac<\/p>\n<p><\/p>\t\t\t\t\t\t<\/div>\n\t\t\t\t<\/div>\n\t\t\t\t\t<\/div>\n\t\t<\/div>\n\t\t\t\t\t\t\t<\/div>\n\t\t<\/section>\n\t\t\t\t\t<\/div>\n\t\t<\/div>\n\t\t\t\t\t\t\t<\/div>\n\t\t<\/section>\n\t\t\t\t<section class=\"elementor-section elementor-top-section elementor-element elementor-element-5c3f422 elementor-section-full_width elementor-section-stretched elementor-section-height-default elementor-section-height-default\" data-id=\"5c3f422\" data-element_type=\"section\" id=\"container_menu_laromantica\" data-settings=\"{&quot;stretch_section&quot;:&quot;section-stretched&quot;}\">\n\t\t\t\t\t\t<div class=\"elementor-container elementor-column-gap-default\">\n\t\t\t\t\t<div class=\"elementor-column elementor-col-100 elementor-top-column elementor-element elementor-element-90a5c81\" data-id=\"90a5c81\" data-element_type=\"column\">\n\t\t\t<div class=\"elementor-widget-wrap elementor-element-populated\">\n\t\t\t\t\t\t\t\t<div class=\"elementor-element elementor-element-da0a6ba elementor-widget elementor-widget-html\" data-id=\"da0a6ba\" data-element_type=\"widget\" data-widget_type=\"html.default\">\n\t\t\t\t<div class=\"elementor-widget-container\">\n\t\t\t<div class=\"menu-carte\" id=\"menu_plats\">\n    <div data-id=\"1\" class=\"active\">FORMULES<\/div><div data-id=\"2\" data-show=\"emporter\">PIZZAS<\/div><div data-id=\"3\" data-show=\"emporter\">P\u00c2TES<\/div><div data-id=\"4\" data-show=\"emporter\">SALADES<\/div><div data-id=\"5\">SP\u00c9CIALIT\u00c9S<\/div><div data-id=\"6\">RISOTTOS<\/div><div data-id=\"7\">ENTR\u00c9ES<\/div><div data-id=\"8\" data-show=\"emporter\">BOISSONS<\/div><div data-id=\"9\">DESSERTS<\/div>\n<\/div>\t\t<\/div>\n\t\t\t\t<\/div>\n\t\t\t\t\t<\/div>\n\t\t<\/div>\n\t\t\t\t\t\t\t<\/div>\n\t\t<\/section>\n\t\t\t\t<section class=\"elementor-section elementor-top-section elementor-element elementor-element-103d629 section-menu-pizzeria active-menu elementor-section-stretched elementor-section-height-min-height elementor-section-boxed elementor-section-height-default elementor-section-items-middle\" data-id=\"103d629\" data-element_type=\"section\" id=\"section-menu-1\" data-settings=\"{&quot;background_background&quot;:&quot;classic&quot;,&quot;stretch_section&quot;:&quot;section-stretched&quot;}\">\n\t\t\t\t\t\t<div class=\"elementor-container elementor-column-gap-default\">\n\t\t\t\t\t<div class=\"elementor-column elementor-col-100 elementor-top-column elementor-element elementor-element-edf9c47\" data-id=\"edf9c47\" data-element_type=\"column\">\n\t\t\t<div class=\"elementor-widget-wrap\">\n\t\t\t\t\t\t\t\t\t<\/div>\n\t\t<\/div>\n\t\t\t\t\t\t\t<\/div>\n\t\t<\/section>\n\t\t\t\t<section class=\"elementor-section elementor-top-section elementor-element elementor-element-3bcf82c section-menu-pizzeria elementor-section-boxed elementor-section-height-default elementor-section-height-default\" data-id=\"3bcf82c\" data-element_type=\"section\" id=\"section-menu-10\" data-settings=\"{&quot;background_background&quot;:&quot;classic&quot;}\">\n\t\t\t\t\t\t<div class=\"elementor-container elementor-column-gap-default\">\n\t\t\t\t\t<div class=\"elementor-column elementor-col-100 elementor-top-column elementor-element elementor-element-770d470\" data-id=\"770d470\" data-element_type=\"column\">\n\t\t\t<div class=\"elementor-widget-wrap elementor-element-populated\">\n\t\t\t\t\t\t\t\t<div class=\"elementor-element elementor-element-d574070 elementor-widget elementor-widget-html\" data-id=\"d574070\" data-element_type=\"widget\" data-widget_type=\"html.default\">\n\t\t\t\t<div class=\"elementor-widget-container\">\n\t\t\t<div class=\"container-nos-pizzas\">\n    <div class=\"titre-nos-pizzas\">\n        <div>NOS<\/div>\n        <div>DESSERTS<\/div>\n    <\/div><div class=\"titre-nos-pizzas\">\n        <img decoding=\"async\" src=\"https:\/\/restaurant-romantica.com\/wp-content\/uploads\/2021\/05\/pizza-2-1.png\"\/>\n    <\/div>\n<\/div>\t\t<\/div>\n\t\t\t\t<\/div>\n\t\t\t\t\t<\/div>\n\t\t<\/div>\n\t\t\t\t\t\t\t<\/div>\n\t\t<\/section>\n\t\t\t\t<section class=\"elementor-section elementor-top-section elementor-element elementor-element-9aa6828 elementor-section-boxed elementor-section-height-default elementor-section-height-default\" data-id=\"9aa6828\" data-element_type=\"section\" id=\"call\">\n\t\t\t\t\t\t<div class=\"elementor-container elementor-column-gap-default\">\n\t\t\t\t\t<div class=\"elementor-column elementor-col-100 elementor-top-column elementor-element elementor-element-bed893d\" data-id=\"bed893d\" data-element_type=\"column\">\n\t\t\t<div class=\"elementor-widget-wrap elementor-element-populated\">\n\t\t\t\t\t\t\t\t<div class=\"elementor-element elementor-element-ea16f18 elementor-widget__width-auto elementor-fixed elementor-hidden-desktop elementor-invisible elementor-widget elementor-widget-image\" data-id=\"ea16f18\" data-element_type=\"widget\" data-settings=\"{&quot;_animation&quot;:&quot;slideInRight&quot;,&quot;_animation_delay&quot;:1000,&quot;_position&quot;:&quot;fixed&quot;}\" data-widget_type=\"image.default\">\n\t\t\t\t<div class=\"elementor-widget-container\">\n\t\t\t\t\t\t\t\t\t\t\t\t\t\t\t\t<a href=\"tel:0232600174\">\n\t\t\t\t\t\t\t<img decoding=\"async\" src=\"https:\/\/restaurant-romantica.com\/wp-content\/uploads\/2021\/07\/viber.svg\" title=\"viber\" alt=\"viber\" loading=\"lazy\" \/>\t\t\t\t\t\t\t\t<\/a>\n\t\t\t\t\t\t\t\t\t\t\t\t\t\t\t<\/div>\n\t\t\t\t<\/div>\n\t\t\t\t\t<\/div>\n\t\t<\/div>\n\t\t\t\t\t\t\t<\/div>\n\t\t<\/section>\n\t\t\t\t\t\t\t<\/div>\n\t\t","protected":false},"excerpt":{"rendered":"<p>VENTE \u00c0 EMPORTER SALLE DE RESTAURATION VOIR NOTRE CARTE QUI SOMMES-NOUS ? Cr\u00e9\u00e9e en 1989, La Romantica, situ\u00e9e \u00e0 Saint-Lubin-des-Joncherets, est un restaurant italien par excellence avec des sp\u00e9cialit\u00e9s telles que le Bocconcini et bien-s\u00fbr la v\u00e9ritable pizza cuite au feu de bois. Venir manger \u00e0 La Romantica, c\u2019est voyager en plein coeur de l\u2019Italie, [&hellip;]<\/p>\n","protected":false},"author":2,"featured_media":0,"parent":0,"menu_order":0,"comment_status":"closed","ping_status":"open","template":"","meta":{"footnotes":""},"class_list":["post-2","page","type-page","status-publish","hentry"],"_links":{"self":[{"href":"https:\/\/restaurant-romantica.com\/index.php?rest_route=\/wp\/v2\/pages\/2","targetHints":{"allow":["GET"]}}],"collection":[{"href":"https:\/\/restaurant-romantica.com\/index.php?rest_route=\/wp\/v2\/pages"}],"about":[{"href":"https:\/\/restaurant-romantica.com\/index.php?rest_route=\/wp\/v2\/types\/page"}],"author":[{"embeddable":true,"href":"https:\/\/restaurant-romantica.com\/index.php?rest_route=\/wp\/v2\/users\/2"}],"replies":[{"embeddable":true,"href":"https:\/\/restaurant-romantica.com\/index.php?rest_route=%2Fwp%2Fv2%2Fcomments&post=2"}],"version-history":[{"count":10,"href":"https:\/\/restaurant-romantica.com\/index.php?rest_route=\/wp\/v2\/pages\/2\/revisions"}],"predecessor-version":[{"id":254,"href":"https:\/\/restaurant-romantica.com\/index.php?rest_route=\/wp\/v2\/pages\/2\/revisions\/254"}],"wp:attachment":[{"href":"https:\/\/restaurant-romantica.com\/index.php?rest_route=%2Fwp%2Fv2%2Fmedia&parent=2"}],"curies":[{"name":"wp","href":"https:\/\/api.w.org\/{rel}","templated":true}]}}